{"id":9,"date":"2023-01-18T07:39:13","date_gmt":"2023-01-18T07:39:13","guid":{"rendered":"http:\/\/www.aeronida.lt\/?page_id=9"},"modified":"2023-03-07T07:34:44","modified_gmt":"2023-03-07T07:34:44","slug":"home-2","status":"publish","type":"page","link":"https:\/\/www.aeronida.lt\/en\/","title":{"rendered":"Home"},"content":{"rendered":"\n<div class=\"wp-block-cover alignfull\" style=\"min-height:720px\"><span aria-hidden=\"true\" class=\"wp-block-cover__background has-background-dim-0 has-background-dim has-background-gradient has-midnight-gradient-background\"><\/span><img decoding=\"async\" loading=\"lazy\" width=\"3992\" height=\"2242\" class=\"wp-block-cover__image-background wp-image-1828\" alt=\"\" src=\"http:\/\/www.aeronida.lt\/wp-content\/uploads\/2023\/01\/01.png\" style=\"object-position:50% 25%\" data-object-fit=\"cover\" data-object-position=\"50% 25%\" srcset=\"https:\/\/www.aeronida.lt\/wp-content\/uploads\/2023\/01\/01.png 3992w, https:\/\/www.aeronida.lt\/wp-content\/uploads\/2023\/01\/01-300x168.png 300w, https:\/\/www.aeronida.lt\/wp-content\/uploads\/2023\/01\/01-1024x575.png 1024w, https:\/\/www.aeronida.lt\/wp-content\/uploads\/2023\/01\/01-768x431.png 768w, https:\/\/www.aeronida.lt\/wp-content\/uploads\/2023\/01\/01-1536x863.png 1536w, https:\/\/www.aeronida.lt\/wp-content\/uploads\/2023\/01\/01-2048x1150.png 2048w\" sizes=\"(max-width: 3992px) 100vw, 3992px\" \/><div class=\"wp-block-cover__inner-container\">\n<p class=\"has-text-align-center has-large-font-size\"><\/p>\n<\/div><\/div>\n\n\n\n<div class=\"is-layout-constrained wp-container-4 wp-block-group alignfull has-ast-global-color-4-background-color has-background\" id=\"reviews\" style=\"padding-top:100px;padding-right:0;padding-bottom:100px;padding-left:0\"><div class=\"wp-block-group__inner-container\">\n<h2 class=\"has-text-align-center\" style=\"padding-right:40px\">GALLERY<\/h2>\n\n\n\n<div style=\"height:30px\" aria-hidden=\"true\" class=\"wp-block-spacer\"><\/div>\n\n\n\n<p class=\"has-text-align-center\" style=\"font-size:22px;line-height:1.6\"><\/p>\n\n\n\n<figure class=\"is-layout-flex wp-block-gallery-1 wp-block-gallery has-nested-images columns-3 is-cropped galerija\">\n<figure class=\"wp-block-image size-large\"><a href=\"https:\/\/www.aeronida.lt\/wp-content\/uploads\/2023\/01\/01-1.png\"><img decoding=\"async\" loading=\"lazy\" width=\"1024\" height=\"575\" src=\"http:\/\/www.aeronida.lt\/wp-content\/uploads\/2023\/01\/01-1.png\" alt=\"\" class=\"wp-image-1887\" srcset=\"https:\/\/www.aeronida.lt\/wp-content\/uploads\/2023\/01\/01-1.png 1024w, https:\/\/www.aeronida.lt\/wp-content\/uploads\/2023\/01\/01-1-300x168.png 300w, https:\/\/www.aeronida.lt\/wp-content\/uploads\/2023\/01\/01-1-768x431.png 768w\" sizes=\"(max-width: 1024px) 100vw, 1024px\" \/><\/a><\/figure>\n\n\n\n<figure class=\"wp-block-image size-large\"><a href=\"https:\/\/www.aeronida.lt\/wp-content\/uploads\/2023\/01\/1.png\"><img decoding=\"async\" loading=\"lazy\" width=\"1024\" height=\"767\" src=\"http:\/\/www.aeronida.lt\/wp-content\/uploads\/2023\/01\/1.png\" alt=\"\" class=\"wp-image-1890\" srcset=\"https:\/\/www.aeronida.lt\/wp-content\/uploads\/2023\/01\/1.png 1024w, https:\/\/www.aeronida.lt\/wp-content\/uploads\/2023\/01\/1-300x225.png 300w, https:\/\/www.aeronida.lt\/wp-content\/uploads\/2023\/01\/1-768x575.png 768w\" sizes=\"(max-width: 1024px) 100vw, 1024px\" \/><\/a><\/figure>\n\n\n\n<figure class=\"wp-block-image size-large\"><a href=\"https:\/\/www.aeronida.lt\/wp-content\/uploads\/2023\/01\/02.png\"><img decoding=\"async\" loading=\"lazy\" width=\"1024\" height=\"575\" src=\"http:\/\/www.aeronida.lt\/wp-content\/uploads\/2023\/01\/02.png\" alt=\"\" class=\"wp-image-1891\" srcset=\"https:\/\/www.aeronida.lt\/wp-content\/uploads\/2023\/01\/02.png 1024w, https:\/\/www.aeronida.lt\/wp-content\/uploads\/2023\/01\/02-300x168.png 300w, https:\/\/www.aeronida.lt\/wp-content\/uploads\/2023\/01\/02-768x431.png 768w\" sizes=\"(max-width: 1024px) 100vw, 1024px\" \/><\/a><\/figure>\n\n\n\n<figure class=\"wp-block-image size-large\"><a href=\"https:\/\/www.aeronida.lt\/wp-content\/uploads\/2023\/01\/44-1.png\"><img decoding=\"async\" loading=\"lazy\" width=\"1024\" height=\"683\" src=\"http:\/\/www.aeronida.lt\/wp-content\/uploads\/2023\/01\/44-1.png\" alt=\"\" class=\"wp-image-1933\" srcset=\"https:\/\/www.aeronida.lt\/wp-content\/uploads\/2023\/01\/44-1.png 1024w, https:\/\/www.aeronida.lt\/wp-content\/uploads\/2023\/01\/44-1-300x200.png 300w, https:\/\/www.aeronida.lt\/wp-content\/uploads\/2023\/01\/44-1-768x512.png 768w\" sizes=\"(max-width: 1024px) 100vw, 1024px\" \/><\/a><\/figure>\n\n\n\n<figure class=\"wp-block-image size-large\"><a href=\"https:\/\/www.aeronida.lt\/wp-content\/uploads\/2023\/01\/60-1.png\"><img decoding=\"async\" loading=\"lazy\" width=\"1024\" height=\"683\" src=\"http:\/\/www.aeronida.lt\/wp-content\/uploads\/2023\/01\/60-1.png\" alt=\"\" class=\"wp-image-1949\" srcset=\"https:\/\/www.aeronida.lt\/wp-content\/uploads\/2023\/01\/60-1.png 1024w, https:\/\/www.aeronida.lt\/wp-content\/uploads\/2023\/01\/60-1-300x200.png 300w, https:\/\/www.aeronida.lt\/wp-content\/uploads\/2023\/01\/60-1-768x512.png 768w\" sizes=\"(max-width: 1024px) 100vw, 1024px\" \/><\/a><\/figure>\n<\/figure>\n\n\n\n<div style=\"height:30px\" aria-hidden=\"true\" class=\"wp-block-spacer\"><\/div>\n\n\n\n<div class=\"is-content-justification-right is-layout-flex wp-container-3 wp-block-buttons\">\n<div class=\"wp-block-button\"><a class=\"wp-block-button__link wp-element-button\" href=\"https:\/\/www.aeronida.lt\/en\/galerija\/\">VIEW MORE<\/a><\/div>\n<\/div>\n\n\n\n<p class=\"has-text-align-center\"><\/p>\n<\/div><\/div>\n\n\n\n<div class=\"inherit-container-width is-layout-constrained wp-container-9 wp-block-group alignfull has-background\" id=\"contact\" style=\"background:linear-gradient(35deg,rgb(31,31,31) 0%,rgb(12,12,12) 99%);padding-top:104px;padding-bottom:104px;padding-left:0\"><div class=\"wp-block-group__inner-container\">\n<h2 class=\"has-text-align-center has-white-color has-text-color\">CONTACTS<\/h2>\n\n\n\n<div style=\"height:50px\" aria-hidden=\"true\" class=\"wp-block-spacer\"><\/div>\n\n\n\n<div class=\"is-layout-flex wp-container-8 wp-block-columns\">\n<div class=\"is-layout-flow wp-block-column\">\n<p class=\"has-white-color has-text-color\" style=\"padding-top:0;padding-right:0;padding-bottom:0;padding-left:0\"><strong>V\u0160\u012e NIDOS ORO PARKAS<\/strong><\/p>\n\n\n\n<p class=\"has-white-color has-text-color\" style=\"padding-top:0;padding-right:0;padding-bottom:0;padding-left:0\">Bronius Zaronskis<br>Manager<br>Address: Purvyn\u0117s str. 28, Nida, Neringa, Lithuania, LT-93123<br>Mob. +370 685 03710<br>E-mail: NidaAero@gmail.com<\/p>\n<\/div>\n\n\n\n<div class=\"is-layout-flow wp-block-column\">\n<p class=\"has-white-color has-text-color\"><strong>NIDOS AEROKLUBAS<\/strong><\/p>\n\n\n\n<p class=\"has-white-color has-text-color\">Kristina Zaronskyt\u0117<br>Manager<br>Address: Purvyn\u0117s str. 28, Nida, Neringa, Lithuania, LT-93123<br>Mob. +370 699 68035<br>E-mail: nida.aeroclub@gmail.com<\/p>\n<\/div>\n\n\n\n<div class=\"is-layout-constrained wp-block-column\">\n<p class=\"has-white-color has-text-color\"><strong>V\u0160\u012e NIDOS SKLANDYMO MOKYKLA<\/strong><\/p>\n\n\n\n<p class=\"has-white-color has-text-color\">Tomas Kuzmickas <br>Manager<br>Address: Pamario str. 21B, Nida, Neringa, Lithuania<br>Mob. +370 600 40040<br>E-mail: nida@sklandymas.lt<br>Website: nida.sklandymas.lt<\/p>\n<\/div>\n<\/div>\n<\/div><\/div>\n","protected":false},"excerpt":{"rendered":"<p>GALLERY CONTACTS V\u0160\u012e NIDOS ORO PARKAS Bronius ZaronskisManagerAddress: Purvyn\u0117s str. 28, Nida, Neringa, Lithuania, LT-93123Mob. +370 685 03710E-mail: NidaAero@gmail.com NIDOS AEROKLUBAS Kristina Zaronskyt\u0117ManagerAddress: Purvyn\u0117s str. 28, Nida, Neringa, Lithuania, LT-93123Mob. +370 699 68035E-mail: nida.aeroclub@gmail.com V\u0160\u012e NIDOS SKLANDYMO MOKYKLA Tomas Kuzmickas ManagerAddress: Pamario str. 21B, Nida, Neringa, LithuaniaMob. +370 600 40040E-mail: nida@sklandymas.ltWebsite: nida.sklandymas.lt<\/p>\n","protected":false},"author":1,"featured_media":0,"parent":0,"menu_order":0,"comment_status":"closed","ping_status":"closed","template":"","meta":{"site-sidebar-layout":"no-sidebar","site-content-layout":"plain-container","ast-global-header-display":"","ast-main-header-display":"","ast-hfb-above-header-display":"","ast-hfb-below-header-display":"","ast-hfb-mobile-header-display":"","site-post-title":"disabled","ast-breadcrumbs-content":"","ast-featured-img":"","footer-sml-layout":"","theme-transparent-header-meta":"enabled","adv-header-id-meta":"","stick-header-meta":"","header-above-stick-meta":"","header-main-stick-meta":"","header-below-stick-meta":"","ngg_post_thumbnail":0},"translation":{"provider":"WPGlobus","version":"2.10.7","language":"en","enabled_languages":["lt","en"],"languages":{"lt":{"title":true,"content":true,"excerpt":false},"en":{"title":false,"content":true,"excerpt":false}}},"_links":{"self":[{"href":"https:\/\/www.aeronida.lt\/en\/wp-json\/wp\/v2\/pages\/9"}],"collection":[{"href":"https:\/\/www.aeronida.lt\/en\/wp-json\/wp\/v2\/pages"}],"about":[{"href":"https:\/\/www.aeronida.lt\/en\/wp-json\/wp\/v2\/types\/page"}],"author":[{"embeddable":true,"href":"https:\/\/www.aeronida.lt\/en\/wp-json\/wp\/v2\/users\/1"}],"replies":[{"embeddable":true,"href":"https:\/\/www.aeronida.lt\/en\/wp-json\/wp\/v2\/comments?post=9"}],"version-history":[{"count":81,"href":"https:\/\/www.aeronida.lt\/en\/wp-json\/wp\/v2\/pages\/9\/revisions"}],"predecessor-version":[{"id":2318,"href":"https:\/\/www.aeronida.lt\/en\/wp-json\/wp\/v2\/pages\/9\/revisions\/2318"}],"wp:attachment":[{"href":"https:\/\/www.aeronida.lt\/en\/wp-json\/wp\/v2\/media?parent=9"}],"curies":[{"name":"wp","href":"https:\/\/api.w.org\/{rel}","templated":true}]}}